{"id":3375,"date":"2024-09-03T16:14:46","date_gmt":"2024-09-03T16:14:46","guid":{"rendered":"https:\/\/www.ajinomoto-omnichem.com\/terms-conditions\/"},"modified":"2025-12-23T15:28:17","modified_gmt":"2025-12-23T15:28:17","slug":"conditions-generales","status":"publish","type":"page","link":"https:\/\/www.ajinomoto-omnichem.com\/fr\/conditions-generales\/","title":{"rendered":"Conditions g\u00e9n\u00e9rales"},"content":{"rendered":"<p>[et_pb_section fb_built=\u00a0\u00bb1&Prime; custom_padding_last_edited=\u00a0\u00bbon|phone\u00a0\u00bb _builder_version=\u00a0\u00bb4.24.0&Prime; _module_preset=\u00a0\u00bbdefault\u00a0\u00bb custom_padding=\u00a0\u00bb10rem||6rem||false|false\u00a0\u00bb custom_padding_tablet=\u00a0\u00bb6rem||3rem||false|false\u00a0\u00bb custom_padding_phone=\u00a0\u00bb4rem||3rem||false|false\u00a0\u00bb global_colors_info=\u00a0\u00bb{}\u00a0\u00bb][et_pb_row custom_padding_last_edited=\u00a0\u00bbon|phone\u00a0\u00bb module_class=\u00a0\u00bbpolicy-content\u00a0\u00bb _builder_version=\u00a0\u00bb4.24.0&Prime; _module_preset=\u00a0\u00bbdefault\u00a0\u00bb width=\u00a0\u00bb100%\u00a0\u00bb max_width=\u00a0\u00bb1200px\u00a0\u00bb custom_padding=\u00a0\u00bb|30px|2rem|30px|false|true\u00a0\u00bb custom_padding_tablet=\u00a0\u00bb||2rem||false|true\u00a0\u00bb custom_padding_phone=\u00a0\u00bb1rem|20px|0px|20px|false|true\u00a0\u00bb locked=\u00a0\u00bboff\u00a0\u00bb global_colors_info=\u00a0\u00bb{}\u00a0\u00bb][et_pb_column type=\u00a0\u00bb4_4&Prime; _builder_version=\u00a0\u00bb4.24.0&Prime; _module_preset=\u00a0\u00bbdefault\u00a0\u00bb global_colors_info=\u00a0\u00bb{}\u00a0\u00bb][et_pb_text _builder_version=\u00a0\u00bb4.24.0&Prime; _module_preset=\u00a0\u00bbd5bb82bb-ca7f-41b5-a941-8d749cf329fe\u00a0\u00bb custom_margin=\u00a0\u00bb||1rem||false|false\u00a0\u00bb custom_margin_tablet=\u00a0\u00bb||1rem||false|false\u00a0\u00bb custom_margin_phone=\u00a0\u00bb||0.3rem||false|false\u00a0\u00bb custom_margin_last_edited=\u00a0\u00bbon|phone\u00a0\u00bb global_colors_info=\u00a0\u00bb{}\u00a0\u00bb]<\/p>\n<h1>Terms &amp; Conditions<\/h1>\n<p>[\/et_pb_text][et_pb_text _builder_version=\u00a0\u00bb4.24.0&Prime; _module_preset=\u00a0\u00bbd5bb82bb-ca7f-41b5-a941-8d749cf329fe\u00a0\u00bb custom_margin_tablet=\u00a0\u00bb\u00a0\u00bb custom_margin_phone=\u00a0\u00bb||0.9rem||false|false\u00a0\u00bb custom_margin_last_edited=\u00a0\u00bbon|phone\u00a0\u00bb global_colors_info=\u00a0\u00bb{}\u00a0\u00bb]<\/p>\n<p>To better serve our customers and ensure fair, open, and transparent framework for the terms and conditions required for our purchasing and sales agreements, Ajinomoto Omnichem has listed our applicable terms and conditions below.<\/p>\n<p>[\/et_pb_text][dsm_card title=\u00a0\u00bbFIELD WORK\u00a0\u00bb button_text=\u00a0\u00bbDOWNLOAD PDF\u00a0\u00bb button_url=\u00a0\u00bb\/assets\/terms-conditions-pdfs\/TC-field-work-rev0.doc.pdf\u00a0\u00bb button_url_new_window=\u00a0\u00bb1&Prime; _builder_version=\u00a0\u00bb4.24.0&Prime; _module_preset=\u00a0\u00bbc2f34f46-d81e-4f54-bef9-5a17f6ab42fa\u00a0\u00bb global_colors_info=\u00a0\u00bb{}\u00a0\u00bb][\/dsm_card][dsm_card title=\u00a0\u00bbEQUIPMENT\u00a0\u00bb button_text=\u00a0\u00bbDOWNLOAD PDF\u00a0\u00bb button_url=\u00a0\u00bb\/assets\/terms-conditions-pdfs\/TC-Equipment-rev0.doc.pdf\u00a0\u00bb button_url_new_window=\u00a0\u00bb1&Prime; _builder_version=\u00a0\u00bb4.24.0&Prime; _module_preset=\u00a0\u00bbc2f34f46-d81e-4f54-bef9-5a17f6ab42fa\u00a0\u00bb global_colors_info=\u00a0\u00bb{}\u00a0\u00bb][\/dsm_card][dsm_card title=\u00a0\u00bbEQUIPMENT &amp; FIELD WORK\u00a0\u00bb button_text=\u00a0\u00bbDOWNLOAD PDF\u00a0\u00bb button_url=\u00a0\u00bb\/assets\/terms-conditions-pdfs\/TC-equipment-and-field-work-rev0.doc.pdf\u00a0\u00bb button_url_new_window=\u00a0\u00bb1&Prime; _builder_version=\u00a0\u00bb4.24.0&Prime; _module_preset=\u00a0\u00bbc2f34f46-d81e-4f54-bef9-5a17f6ab42fa\u00a0\u00bb global_colors_info=\u00a0\u00bb{}\u00a0\u00bb][\/dsm_card][dsm_card title=\u00a0\u00bbRAW MATERIALS\u00a0\u00bb button_text=\u00a0\u00bbDOWNLOAD PDF\u00a0\u00bb button_url=\u00a0\u00bb\/assets\/terms-conditions-pdfs\/T-C_Raw_Materials.pdf\u00a0\u00bb button_url_new_window=\u00a0\u00bb1&Prime; _builder_version=\u00a0\u00bb4.24.0&Prime; _module_preset=\u00a0\u00bbc2f34f46-d81e-4f54-bef9-5a17f6ab42fa\u00a0\u00bb global_colors_info=\u00a0\u00bb{}\u00a0\u00bb][\/dsm_card][dsm_card title=\u00a0\u00bbSALES CONDITIONS\u00a0\u00bb button_text=\u00a0\u00bbDOWNLOAD PDF\u00a0\u00bb button_url=\u00a0\u00bb\/assets\/terms-conditions-pdfs\/SalesConditions.pdf\u00a0\u00bb button_url_new_window=\u00a0\u00bb1&Prime; _builder_version=\u00a0\u00bb4.24.0&Prime; _module_preset=\u00a0\u00bbc2f34f46-d81e-4f54-bef9-5a17f6ab42fa\u00a0\u00bb global_colors_info=\u00a0\u00bb{}\u00a0\u00bb][\/dsm_card][\/et_pb_column][\/et_pb_row][et_pb_row custom_padding_last_edited=\u00a0\u00bbon|phone\u00a0\u00bb module_class=\u00a0\u00bbpolicy-content\u00a0\u00bb _builder_version=\u00a0\u00bb4.24.0&Prime; _module_preset=\u00a0\u00bbdefault\u00a0\u00bb width=\u00a0\u00bb100%\u00a0\u00bb max_width=\u00a0\u00bb1200px\u00a0\u00bb custom_padding=\u00a0\u00bb|30px|1rem|30px|false|true\u00a0\u00bb custom_padding_tablet=\u00a0\u00bb||0rem||false|true\u00a0\u00bb custom_padding_phone=\u00a0\u00bb|20px|0px|20px|false|true\u00a0\u00bb global_colors_info=\u00a0\u00bb{}\u00a0\u00bb][et_pb_column type=\u00a0\u00bb4_4&Prime; _builder_version=\u00a0\u00bb4.24.0&Prime; _module_preset=\u00a0\u00bbdefault\u00a0\u00bb global_colors_info=\u00a0\u00bb{}\u00a0\u00bb][et_pb_text _builder_version=\u00a0\u00bb4.24.0&Prime; _module_preset=\u00a0\u00bbd5bb82bb-ca7f-41b5-a941-8d749cf329fe\u00a0\u00bb custom_margin=\u00a0\u00bb||1rem||false|false\u00a0\u00bb custom_margin_tablet=\u00a0\u00bb||1rem||false|false\u00a0\u00bb custom_margin_phone=\u00a0\u00bb||0.2rem||false|false\u00a0\u00bb custom_margin_last_edited=\u00a0\u00bbon|phone\u00a0\u00bb global_colors_info=\u00a0\u00bb{}\u00a0\u00bb]<\/p>\n<h1>Purchasing Policy<\/h1>\n<p>[\/et_pb_text][et_pb_text _builder_version=\u00a0\u00bb4.24.0&Prime; _module_preset=\u00a0\u00bbd5bb82bb-ca7f-41b5-a941-8d749cf329fe\u00a0\u00bb hover_enabled=\u00a0\u00bb0&Prime; global_colors_info=\u00a0\u00bb{}\u00a0\u00bb sticky_enabled=\u00a0\u00bb0&Prime;]<strong>Ajinomoto Omnichem Basic Purchasing Policy<\/strong><\/p>\n<p>In order to ensure fair, open, transparent and simple purchasing and to secure the trust of customers and stakeholders, Ajinomoto Omnichem shall in line with the overall Ajinomoto Group policies perform its purchasing operations rationally in compliance with laws and regulations and fulfill its agreements in cooperation with suppliers and other business partners.[\/et_pb_text][et_pb_text _builder_version=\u00a0\u00bb4.24.0&Prime; _module_preset=\u00a0\u00bbd5bb82bb-ca7f-41b5-a941-8d749cf329fe\u00a0\u00bb custom_margin=\u00a0\u00bb||1rem||false|false\u00a0\u00bb custom_margin_tablet=\u00a0\u00bb||1rem||false|false\u00a0\u00bb custom_margin_phone=\u00a0\u00bb||0.5rem||false|false\u00a0\u00bb custom_margin_last_edited=\u00a0\u00bbon|phone\u00a0\u00bb global_colors_info=\u00a0\u00bb{}\u00a0\u00bb]<\/p>\n<h5>COMPLIANCE, PURCHASING ETHICS<\/h5>\n<p>[\/et_pb_text][et_pb_text _builder_version=\u00a0\u00bb4.24.0&Prime; _module_preset=\u00a0\u00bbd5bb82bb-ca7f-41b5-a941-8d749cf329fe\u00a0\u00bb custom_margin=\u00a0\u00bb||1rem||false|false\u00a0\u00bb global_colors_info=\u00a0\u00bb{}\u00a0\u00bb]<\/p>\n<ul>\n<li>The Ajinomoto Group shall act with good judgment complying with the purchasing-related laws and regulations of all countries concerned as well as Ajinomoto Group Standards of Business Conduct and other related standards.<\/li>\n<li>The Ajinomoto Group shall fulfill its agreements with suppliers and other business partners in good faith when purchasing.<\/li>\n<li>The Ajinomoto Group understands the significance of information it obtains through trade and keeps such information confidential.<\/li>\n<li>The Ajinomoto Group shall perform purchasing using fair, open, transparent and simple procedures.<\/li>\n<\/ul>\n<p>[\/et_pb_text][et_pb_text _builder_version=\u00a0\u00bb4.24.0&Prime; _module_preset=\u00a0\u00bbd5bb82bb-ca7f-41b5-a941-8d749cf329fe\u00a0\u00bb custom_margin=\u00a0\u00bb||1rem||false|false\u00a0\u00bb custom_margin_tablet=\u00a0\u00bb||1rem||false|false\u00a0\u00bb custom_margin_phone=\u00a0\u00bb||0.5rem||false|false\u00a0\u00bb custom_margin_last_edited=\u00a0\u00bbon|phone\u00a0\u00bb locked=\u00a0\u00bboff\u00a0\u00bb global_colors_info=\u00a0\u00bb{}\u00a0\u00bb]<\/p>\n<h5>PURCHASING PRINCIPLES<\/h5>\n<p>[\/et_pb_text][et_pb_text _builder_version=\u00a0\u00bb4.24.0&Prime; _module_preset=\u00a0\u00bbd5bb82bb-ca7f-41b5-a941-8d749cf329fe\u00a0\u00bb custom_margin=\u00a0\u00bb||1rem||false|false\u00a0\u00bb locked=\u00a0\u00bboff\u00a0\u00bb global_colors_info=\u00a0\u00bb{}\u00a0\u00bb]<\/p>\n<ul>\n<li>Transaction prices shall be fair and economically reasonable.<\/li>\n<li>Suppliers and other business partners shall be selected based on the comprehensive evaluation of price, quality, delivery timing, technology, safety and past results. In the event you are not selected, upon request, the Ajinomoto Group shall explain the reasons you are not selected. <\/li>\n<li>Purchasing shall in principle be based on comparison of a number of estimates (bids, etc.).<\/li>\n<li>The Ajinomoto Group shall in principle be open to new partner candidates. Candidates that meet selection standards shall be given the opportunity to go through a proper evaluation. <\/li>\n<li>The Ajinomoto Group shall promote cost reduction in cooperation with suppliers and other business partners in accordance with previously-defined assessment rules.<\/li>\n<\/ul>\n<p>[\/et_pb_text][et_pb_text _builder_version=\u00a0\u00bb4.24.0&Prime; _module_preset=\u00a0\u00bbd5bb82bb-ca7f-41b5-a941-8d749cf329fe\u00a0\u00bb custom_margin=\u00a0\u00bb||1rem||false|false\u00a0\u00bb custom_margin_tablet=\u00a0\u00bb||1rem||false|false\u00a0\u00bb custom_margin_phone=\u00a0\u00bb||0.5rem||false|false\u00a0\u00bb custom_margin_last_edited=\u00a0\u00bbon|phone\u00a0\u00bb locked=\u00a0\u00bboff\u00a0\u00bb global_colors_info=\u00a0\u00bb{}\u00a0\u00bb]<\/p>\n<h5>THE PRACTICE OF CORPORATE SOCIAL RESPONSIBILITY (CSR) IN PURCHASING<\/h5>\n<p>[\/et_pb_text][et_pb_text _builder_version=\u00a0\u00bb4.24.0&Prime; _module_preset=\u00a0\u00bbd5bb82bb-ca7f-41b5-a941-8d749cf329fe\u00a0\u00bb custom_margin=\u00a0\u00bb||1rem||false|false\u00a0\u00bb locked=\u00a0\u00bboff\u00a0\u00bb global_colors_info=\u00a0\u00bb{}\u00a0\u00bb]<\/p>\n<ul>\n<li>Purchasing of raw materials and other products shall be in conformity with laws and regulations related to the quality and safety assurance of products, the Ajinomoto Group Quality Assurance Standard and all the other related laws and regulations.<\/li>\n<li>The Ajinomoto Group confirms that the suppliers it purchases from are conscious of global environment conservation and free of any connection to the violation of human rights, including child labor and illegal employment during either production or distribution.<\/li>\n<\/ul>\n<p>[\/et_pb_text][et_pb_text _builder_version=\u00a0\u00bb4.24.0&Prime; _module_preset=\u00a0\u00bbd5bb82bb-ca7f-41b5-a941-8d749cf329fe\u00a0\u00bb custom_margin=\u00a0\u00bb||1rem||false|false\u00a0\u00bb custom_margin_tablet=\u00a0\u00bb||1rem||false|false\u00a0\u00bb custom_margin_phone=\u00a0\u00bb||0.5rem||false|false\u00a0\u00bb custom_margin_last_edited=\u00a0\u00bbon|phone\u00a0\u00bb locked=\u00a0\u00bboff\u00a0\u00bb global_colors_info=\u00a0\u00bb{}\u00a0\u00bb]<\/p>\n<h5>REQUESTS TO SUPPLIERS AND OTHER BUSINESS PARTNERS<\/h5>\n<p>[\/et_pb_text][et_pb_text _builder_version=\u00a0\u00bb4.24.0&Prime; _module_preset=\u00a0\u00bbd5bb82bb-ca7f-41b5-a941-8d749cf329fe\u00a0\u00bb custom_margin=\u00a0\u00bb||0px||false|false\u00a0\u00bb locked=\u00a0\u00bboff\u00a0\u00bb global_colors_info=\u00a0\u00bb{}\u00a0\u00bb]<\/p>\n<ul>\n<li>The Ajinomoto Group requests suppliers and other business partners to understand the Ajinomoto Group Basic Purchasing Policy and cooperate as members of the supply chain.<\/li>\n<li>The Ajinomoto Group requests suppliers and other business partners to promote a range of proposals including streamlining based on economic rationality.<\/li>\n<li>The Ajinomoto Group clearly states its expectations in such areas as compliance, human rights, labor and safety, the environment and quality in its Supplier CSR Guidelines and requests suppliers and other business partners to cooperate in implementing proper CSR.<\/li>\n<\/ul>\n<p>[\/et_pb_text][\/et_pb_column][\/et_pb_row][et_pb_row custom_padding_last_edited=\u00a0\u00bbon|phone\u00a0\u00bb module_class=\u00a0\u00bbpolicy-content\u00a0\u00bb _builder_version=\u00a0\u00bb4.24.0&Prime; _module_preset=\u00a0\u00bbdefault\u00a0\u00bb width=\u00a0\u00bb100%\u00a0\u00bb max_width=\u00a0\u00bb1200px\u00a0\u00bb custom_padding=\u00a0\u00bb|30px||30px|false|true\u00a0\u00bb custom_padding_tablet=\u00a0\u00bb||||false|true\u00a0\u00bb custom_padding_phone=\u00a0\u00bb|20px|0px|20px|false|true\u00a0\u00bb locked=\u00a0\u00bboff\u00a0\u00bb global_colors_info=\u00a0\u00bb{}\u00a0\u00bb][et_pb_column type=\u00a0\u00bb4_4&Prime; _builder_version=\u00a0\u00bb4.24.0&Prime; _module_preset=\u00a0\u00bbdefault\u00a0\u00bb global_colors_info=\u00a0\u00bb{}\u00a0\u00bb][et_pb_text _builder_version=\u00a0\u00bb4.24.0&Prime; _module_preset=\u00a0\u00bbd5bb82bb-ca7f-41b5-a941-8d749cf329fe\u00a0\u00bb custom_margin=\u00a0\u00bb||1rem||false|false\u00a0\u00bb custom_margin_tablet=\u00a0\u00bb||1rem||false|false\u00a0\u00bb custom_margin_phone=\u00a0\u00bb||0.5rem||false|false\u00a0\u00bb custom_margin_last_edited=\u00a0\u00bbon|phone\u00a0\u00bb global_colors_info=\u00a0\u00bb{}\u00a0\u00bb]<\/p>\n<h1>Supplier code of conduct<\/h1>\n<p>[\/et_pb_text][et_pb_text _builder_version=\u00a0\u00bb4.24.0&Prime; _module_preset=\u00a0\u00bbd5bb82bb-ca7f-41b5-a941-8d749cf329fe\u00a0\u00bb header_5_font=\u00a0\u00bbNorwester|||on|||||\u00a0\u00bb header_6_font=\u00a0\u00bbNorwester|||on|||||\u00a0\u00bb custom_margin=\u00a0\u00bb||0.5rem||false|false\u00a0\u00bb custom_margin_tablet=\u00a0\u00bb||1rem||false|false\u00a0\u00bb custom_margin_phone=\u00a0\u00bb||0.5rem||false|false\u00a0\u00bb custom_margin_last_edited=\u00a0\u00bbon|phone\u00a0\u00bb global_colors_info=\u00a0\u00bb{}\u00a0\u00bb]<\/p>\n<h5>Purchasing policy<\/h5>\n<p>[\/et_pb_text][et_pb_text _builder_version=\u00a0\u00bb4.24.0&Prime; _module_preset=\u00a0\u00bbd5bb82bb-ca7f-41b5-a941-8d749cf329fe\u00a0\u00bb custom_margin=\u00a0\u00bb||1.5rem||false|false\u00a0\u00bb custom_margin_tablet=\u00a0\u00bb||1.5rem||false|false\u00a0\u00bb custom_margin_phone=\u00a0\u00bb||1rem||false|false\u00a0\u00bb custom_margin_last_edited=\u00a0\u00bbon|phone\u00a0\u00bb global_colors_info=\u00a0\u00bb{}\u00a0\u00bb]<\/p>\n<p>We believe every supplier we trade with\u2014who provide raw materials, products, and services\u2014is an essential partner contributing to sustainable societies.<br \/>It is essential all our suppliers understand our Ajinomoto Group philosophy and ways of thinking, that we work together, meet our corporate social responsibilities, and undertake measures throughout our supply chain to make our societies truly sustainable.<\/p>\n<p>[\/et_pb_text][et_pb_button button_url=\u00a0\u00bbhttps:\/\/www.ajinomoto.com\/sustainability\/agp\/suppliers.php\u00a0\u00bb url_new_window=\u00a0\u00bbon\u00a0\u00bb button_text=\u00a0\u00bbPolicy\u00a0\u00bb _builder_version=\u00a0\u00bb4.24.0&Prime; _module_preset=\u00a0\u00bb1ea8a6b8-c4e2-4823-80fe-549bd98da130&Prime; button_text_color=\u00a0\u00bb#FFFFFF\u00a0\u00bb button_bg_color=\u00a0\u00bb#EE1C26&Prime; button_border_width=\u00a0\u00bb0px\u00a0\u00bb global_colors_info=\u00a0\u00bb{}\u00a0\u00bb][\/et_pb_button][et_pb_text _builder_version=\u00a0\u00bb4.24.0&Prime; _module_preset=\u00a0\u00bbd5bb82bb-ca7f-41b5-a941-8d749cf329fe\u00a0\u00bb header_5_font=\u00a0\u00bbNorwester|||on|||||\u00a0\u00bb custom_margin=\u00a0\u00bb||0.5rem||false|false\u00a0\u00bb custom_margin_tablet=\u00a0\u00bb||1rem||false|false\u00a0\u00bb custom_margin_phone=\u00a0\u00bb||0.5rem||false|false\u00a0\u00bb custom_margin_last_edited=\u00a0\u00bbon|phone\u00a0\u00bb custom_padding=\u00a0\u00bb0.5rem||||false|false\u00a0\u00bb locked=\u00a0\u00bboff\u00a0\u00bb global_colors_info=\u00a0\u00bb{}\u00a0\u00bb]<\/p>\n<h5>Policy Guidelines<\/h5>\n<p>[\/et_pb_text][et_pb_text _builder_version=\u00a0\u00bb4.24.0&Prime; _module_preset=\u00a0\u00bbd5bb82bb-ca7f-41b5-a941-8d749cf329fe\u00a0\u00bb custom_margin=\u00a0\u00bb||1.5rem||false|false\u00a0\u00bb custom_margin_tablet=\u00a0\u00bb||1.5rem||false|false\u00a0\u00bb custom_margin_phone=\u00a0\u00bb||1rem||false|false\u00a0\u00bb custom_margin_last_edited=\u00a0\u00bbon|phone\u00a0\u00bb locked=\u00a0\u00bboff\u00a0\u00bb global_colors_info=\u00a0\u00bb{}\u00a0\u00bb]<\/p>\n<p>The Guidelines for Group Shared Policy for Suppliers (the Guidelines) sets out specific actions we require of our suppliers in relation to the seven expectations of the Group Shared Policy for Suppliers (the Policy). We have classified these topics as either mandatory or developmental topics. <\/p>\n<p>[\/et_pb_text][et_pb_button button_url=\u00a0\u00bbhttps:\/\/www.ajinomoto.com\/sustainability\/agp\/guidelines-for-group-shared-policy-for-suppliers.php\u00a0\u00bb url_new_window=\u00a0\u00bbon\u00a0\u00bb button_text=\u00a0\u00bbGuidelines\u00a0\u00bb _builder_version=\u00a0\u00bb4.24.0&Prime; _module_preset=\u00a0\u00bb1ea8a6b8-c4e2-4823-80fe-549bd98da130&Prime; button_text_color=\u00a0\u00bb#FFFFFF\u00a0\u00bb button_bg_color=\u00a0\u00bb#EE1C26&Prime; button_border_width=\u00a0\u00bb0px\u00a0\u00bb locked=\u00a0\u00bboff\u00a0\u00bb global_colors_info=\u00a0\u00bb{}\u00a0\u00bb][\/et_pb_button][\/et_pb_column][\/et_pb_row][\/et_pb_section]<\/p>\n","protected":false},"excerpt":{"rendered":"<p>Terms &amp; ConditionsTo better serve our customers and ensure fair, open, and transparent framework for the terms and conditions required for our purchasing and sales agreements, Ajinomoto Omnichem has listed our applicable terms and conditions below.<div class=\"et_pb_module dsm_card dsm_card_0 download-card et_pb_bg_layout_light  dsm_card_layout_stacked\">\n\t\t\t\t\n\t\t\t\t\n\t\t\t\t\n\t\t\t\t\n\t\t\t\t\n\t\t\t\t\n\t\t\t\t<div class=\"et_pb_module_inner\">\n\t\t\t\t\t\n\t\t\t\n\t\t\t\n\t\t\t<div class=\"et_pb_module dsm_card_wrapper et_pb_text_align_left\">\n\t\t\t\t\t\n\t\t\t\t\t<h4 class=\"dsm_card_title et_pb_module_header\">FIELD WORK<\/h4>\n\t\t\t\t\t\n\t\t\t\t\t\n\t\t\t\t\t<div class=\"et_pb_button_wrapper\"><a class=\"et_pb_button et_pb_more_button \" href=\"\/assets\/terms-conditions-pdfs\/TC-field-work-rev0.doc.pdf\">DOWNLOAD PDF<\/a><\/div>\n\t\t\t\t<\/div>\n\t\t\t\n\t\t\t\t<\/div>\n\t\t\t<\/div><div class=\"et_pb_module dsm_card dsm_card_1 download-card et_pb_bg_layout_light  dsm_card_layout_stacked\">\n\t\t\t\t\n\t\t\t\t\n\t\t\t\t\n\t\t\t\t\n\t\t\t\t\n\t\t\t\t\n\t\t\t\t<div class=\"et_pb_module_inner\">\n\t\t\t\t\t\n\t\t\t\n\t\t\t\n\t\t\t<div class=\"et_pb_module dsm_card_wrapper et_pb_text_align_left\">\n\t\t\t\t\t\n\t\t\t\t\t<h4 class=\"dsm_card_title et_pb_module_header\">EQUIPMENT<\/h4>\n\t\t\t\t\t\n\t\t\t\t\t\n\t\t\t\t\t<div class=\"et_pb_button_wrapper\"><a class=\"et_pb_button et_pb_more_button \" href=\"\/assets\/terms-conditions-pdfs\/TC-Equipment-rev0.doc.pdf\">DOWNLOAD PDF<\/a><\/div>\n\t\t\t\t<\/div>\n\t\t\t\n\t\t\t\t<\/div>\n\t\t\t<\/div><div class=\"et_pb_module dsm_card dsm_card_2 et_pb_bg_layout_light  dsm_card_layout_stacked\">\n\t\t\t\t\n\t\t\t\t\n\t\t\t\t\n\t\t\t\t\n\t\t\t\t\n\t\t\t\t\n\t\t\t\t<div class=\"et_pb_module_inner\">\n\t\t\t\t\t\n\t\t\t\n\t\t\t\n\t\t\t<div class=\"et_pb_module dsm_card_wrapper et_pb_text_align_left\">\n\t\t\t\t\t\n\t\t\t\t\t<h4 class=\"dsm_card_title et_pb_module_header\">\u00bbEQUIPMENT<\/h4>\n\t\t\t\t\t\n\t\t\t\t\t\n\t\t\t\t\t\n\t\t\t\t<\/div>\n\t\t\t\n\t\t\t\t<\/div>\n\t\t\t<\/div><\/p>\n","protected":false},"author":1,"featured_media":0,"parent":0,"menu_order":0,"comment_status":"closed","ping_status":"closed","template":"","meta":{"_et_pb_use_builder":"on","_et_pb_old_content":"","_et_gb_content_width":"","inline_featured_image":false,"footnotes":""},"dipi_cpt_category":[],"class_list":["post-3375","page","type-page","status-publish","hentry"],"yoast_head":"<!-- This site is optimized with the Yoast SEO Premium plugin v27.2 (Yoast SEO v27.5) - https:\/\/yoast.com\/product\/yoast-seo-premium-wordpress\/ -->\n<title>Conditions g\u00e9n\u00e9rales - Ajinomoto Omnichem<\/title>\n<meta name=\"description\" content=\"Consultez les conditions g\u00e9n\u00e9rales d\u2019Ajinomoto Omnichem: informations sur nos services, responsabilit\u00e9s, conformit\u00e9 et engagement durable.\" \/>\n<meta name=\"robots\" content=\"index, follow, max-snippet:-1, max-image-preview:large, max-video-preview:-1\" \/>\n<link rel=\"canonical\" href=\"https:\/\/www.ajinomoto-omnichem.com\/fr\/conditions-generales\/\" \/>\n<meta property=\"og:locale\" content=\"fr_FR\" \/>\n<meta property=\"og:type\" content=\"article\" \/>\n<meta property=\"og:title\" content=\"Conditions g\u00e9n\u00e9rales\" \/>\n<meta property=\"og:description\" content=\"Consultez les conditions g\u00e9n\u00e9rales d\u2019Ajinomoto Omnichem: informations sur nos services, responsabilit\u00e9s, conformit\u00e9 et engagement durable.\" \/>\n<meta property=\"og:url\" content=\"https:\/\/www.ajinomoto-omnichem.com\/fr\/conditions-generales\/\" \/>\n<meta property=\"og:site_name\" content=\"Ajinomoto Omnichem\" \/>\n<meta property=\"article:modified_time\" content=\"2025-12-23T15:28:17+00:00\" \/>\n<meta name=\"twitter:card\" content=\"summary_large_image\" \/>\n<meta name=\"twitter:label1\" content=\"Est. reading time\" \/>\n\t<meta name=\"twitter:data1\" content=\"3 minutes\" \/>\n<script type=\"application\/ld+json\" class=\"yoast-schema-graph\">{\"@context\":\"https:\\\/\\\/schema.org\",\"@graph\":[{\"@type\":\"WebPage\",\"@id\":\"https:\\\/\\\/www.ajinomoto-omnichem.com\\\/fr\\\/conditions-generales\\\/\",\"url\":\"https:\\\/\\\/www.ajinomoto-omnichem.com\\\/fr\\\/conditions-generales\\\/\",\"name\":\"Conditions g\u00e9n\u00e9rales - Ajinomoto Omnichem\",\"isPartOf\":{\"@id\":\"https:\\\/\\\/www.ajinomoto-omnichem.com\\\/fr\\\/#website\"},\"datePublished\":\"2024-09-03T16:14:46+00:00\",\"dateModified\":\"2025-12-23T15:28:17+00:00\",\"description\":\"Consultez les conditions g\u00e9n\u00e9rales d\u2019Ajinomoto Omnichem: informations sur nos services, responsabilit\u00e9s, conformit\u00e9 et engagement durable.\",\"breadcrumb\":{\"@id\":\"https:\\\/\\\/www.ajinomoto-omnichem.com\\\/fr\\\/conditions-generales\\\/#breadcrumb\"},\"inLanguage\":\"fr-FR\",\"potentialAction\":[{\"@type\":\"ReadAction\",\"target\":[\"https:\\\/\\\/www.ajinomoto-omnichem.com\\\/fr\\\/conditions-generales\\\/\"]}]},{\"@type\":\"BreadcrumbList\",\"@id\":\"https:\\\/\\\/www.ajinomoto-omnichem.com\\\/fr\\\/conditions-generales\\\/#breadcrumb\",\"itemListElement\":[{\"@type\":\"ListItem\",\"position\":1,\"name\":\"Home\",\"item\":\"https:\\\/\\\/www.ajinomoto-omnichem.com\\\/fr\\\/\"},{\"@type\":\"ListItem\",\"position\":2,\"name\":\"Conditions g\u00e9n\u00e9rales\"}]},{\"@type\":\"WebSite\",\"@id\":\"https:\\\/\\\/www.ajinomoto-omnichem.com\\\/fr\\\/#website\",\"url\":\"https:\\\/\\\/www.ajinomoto-omnichem.com\\\/fr\\\/\",\"name\":\"Ajinomoto Omnichem\",\"description\":\"\",\"potentialAction\":[{\"@type\":\"SearchAction\",\"target\":{\"@type\":\"EntryPoint\",\"urlTemplate\":\"https:\\\/\\\/www.ajinomoto-omnichem.com\\\/fr\\\/?s={search_term_string}\"},\"query-input\":{\"@type\":\"PropertyValueSpecification\",\"valueRequired\":true,\"valueName\":\"search_term_string\"}}],\"inLanguage\":\"fr-FR\"}]}<\/script>\n<!-- \/ Yoast SEO Premium plugin. -->","yoast_head_json":{"title":"Conditions g\u00e9n\u00e9rales - Ajinomoto Omnichem","description":"Consultez les conditions g\u00e9n\u00e9rales d\u2019Ajinomoto Omnichem: informations sur nos services, responsabilit\u00e9s, conformit\u00e9 et engagement durable.","robots":{"index":"index","follow":"follow","max-snippet":"max-snippet:-1","max-image-preview":"max-image-preview:large","max-video-preview":"max-video-preview:-1"},"canonical":"https:\/\/www.ajinomoto-omnichem.com\/fr\/conditions-generales\/","og_locale":"fr_FR","og_type":"article","og_title":"Conditions g\u00e9n\u00e9rales","og_description":"Consultez les conditions g\u00e9n\u00e9rales d\u2019Ajinomoto Omnichem: informations sur nos services, responsabilit\u00e9s, conformit\u00e9 et engagement durable.","og_url":"https:\/\/www.ajinomoto-omnichem.com\/fr\/conditions-generales\/","og_site_name":"Ajinomoto Omnichem","article_modified_time":"2025-12-23T15:28:17+00:00","twitter_card":"summary_large_image","twitter_misc":{"Est. reading time":"3 minutes"},"schema":{"@context":"https:\/\/schema.org","@graph":[{"@type":"WebPage","@id":"https:\/\/www.ajinomoto-omnichem.com\/fr\/conditions-generales\/","url":"https:\/\/www.ajinomoto-omnichem.com\/fr\/conditions-generales\/","name":"Conditions g\u00e9n\u00e9rales - Ajinomoto Omnichem","isPartOf":{"@id":"https:\/\/www.ajinomoto-omnichem.com\/fr\/#website"},"datePublished":"2024-09-03T16:14:46+00:00","dateModified":"2025-12-23T15:28:17+00:00","description":"Consultez les conditions g\u00e9n\u00e9rales d\u2019Ajinomoto Omnichem: informations sur nos services, responsabilit\u00e9s, conformit\u00e9 et engagement durable.","breadcrumb":{"@id":"https:\/\/www.ajinomoto-omnichem.com\/fr\/conditions-generales\/#breadcrumb"},"inLanguage":"fr-FR","potentialAction":[{"@type":"ReadAction","target":["https:\/\/www.ajinomoto-omnichem.com\/fr\/conditions-generales\/"]}]},{"@type":"BreadcrumbList","@id":"https:\/\/www.ajinomoto-omnichem.com\/fr\/conditions-generales\/#breadcrumb","itemListElement":[{"@type":"ListItem","position":1,"name":"Home","item":"https:\/\/www.ajinomoto-omnichem.com\/fr\/"},{"@type":"ListItem","position":2,"name":"Conditions g\u00e9n\u00e9rales"}]},{"@type":"WebSite","@id":"https:\/\/www.ajinomoto-omnichem.com\/fr\/#website","url":"https:\/\/www.ajinomoto-omnichem.com\/fr\/","name":"Ajinomoto Omnichem","description":"","potentialAction":[{"@type":"SearchAction","target":{"@type":"EntryPoint","urlTemplate":"https:\/\/www.ajinomoto-omnichem.com\/fr\/?s={search_term_string}"},"query-input":{"@type":"PropertyValueSpecification","valueRequired":true,"valueName":"search_term_string"}}],"inLanguage":"fr-FR"}]}},"_links":{"self":[{"href":"https:\/\/www.ajinomoto-omnichem.com\/fr\/wp-json\/wp\/v2\/pages\/3375","targetHints":{"allow":["GET"]}}],"collection":[{"href":"https:\/\/www.ajinomoto-omnichem.com\/fr\/wp-json\/wp\/v2\/pages"}],"about":[{"href":"https:\/\/www.ajinomoto-omnichem.com\/fr\/wp-json\/wp\/v2\/types\/page"}],"author":[{"embeddable":true,"href":"https:\/\/www.ajinomoto-omnichem.com\/fr\/wp-json\/wp\/v2\/users\/1"}],"replies":[{"embeddable":true,"href":"https:\/\/www.ajinomoto-omnichem.com\/fr\/wp-json\/wp\/v2\/comments?post=3375"}],"version-history":[{"count":5,"href":"https:\/\/www.ajinomoto-omnichem.com\/fr\/wp-json\/wp\/v2\/pages\/3375\/revisions"}],"predecessor-version":[{"id":4046,"href":"https:\/\/www.ajinomoto-omnichem.com\/fr\/wp-json\/wp\/v2\/pages\/3375\/revisions\/4046"}],"wp:attachment":[{"href":"https:\/\/www.ajinomoto-omnichem.com\/fr\/wp-json\/wp\/v2\/media?parent=3375"}],"wp:term":[{"taxonomy":"dipi_cpt_category","embeddable":true,"href":"https:\/\/www.ajinomoto-omnichem.com\/fr\/wp-json\/wp\/v2\/dipi_cpt_category?post=3375"}],"curies":[{"name":"wp","href":"https:\/\/api.w.org\/{rel}","templated":true}]}}