{"id":3441,"date":"2024-02-18T08:43:07","date_gmt":"2024-02-18T08:43:07","guid":{"rendered":"https:\/\/www.ajinomoto-omnichem.com\/gracias-formulario-de-contacto-preguntas\/"},"modified":"2025-12-23T16:02:25","modified_gmt":"2025-12-23T16:02:25","slug":"gracias-formulario-de-contacto-preguntas","status":"publish","type":"page","link":"https:\/\/www.ajinomoto-omnichem.com\/es\/gracias-formulario-de-contacto-preguntas\/","title":{"rendered":"Gracias &#8211; Formulario de contacto &#8211; Preguntas"},"content":{"rendered":"<p>[et_pb_section fb_built=\u00bb1&#8243; _builder_version=\u00bb4.24.0&#8243; _module_preset=\u00bbdefault\u00bb background_color=\u00bb#7CBA38&#8243; min_height=\u00bb100vh\u00bb hover_enabled=\u00bb0&#8243; custom_css_main_element=\u00bbdisplay: flex;\u00bb global_colors_info=\u00bb{}\u00bb sticky_enabled=\u00bb0&#8243;][et_pb_row custom_padding_last_edited=\u00bbon|phone\u00bb module_class=\u00bbuws-row\u00bb _builder_version=\u00bb4.24.0&#8243; _module_preset=\u00bbdefault\u00bb width=\u00bb100%\u00bb max_width=\u00bb980px\u00bb custom_padding=\u00bb|30px||30px|false|true\u00bb custom_padding_tablet=\u00bb|30px||30px|false|true\u00bb custom_padding_phone=\u00bb|20px||20px|false|true\u00bb global_colors_info=\u00bb{}\u00bb][et_pb_column type=\u00bb4_4&#8243; _builder_version=\u00bb4.24.0&#8243; _module_preset=\u00bbdefault\u00bb global_colors_info=\u00bb{}\u00bb][et_pb_text _builder_version=\u00bb4.24.0&#8243; _module_preset=\u00bbd5bb82bb-ca7f-41b5-a941-8d749cf329fe\u00bb header_text_align=\u00bbcenter\u00bb header_font_size=\u00bb5rem\u00bb custom_margin=\u00bb||0px||false|false\u00bb hover_enabled=\u00bb0&#8243; header_font_size_tablet=\u00bb4rem\u00bb header_font_size_phone=\u00bb3rem\u00bb global_colors_info=\u00bb{}\u00bb header_text_color=\u00bb#FFFFFF\u00bb sticky_enabled=\u00bb0&#8243;]<\/p>\n<h1>Gracias<\/h1>\n<p>[\/et_pb_text][et_pb_text _builder_version=\u00bb4.24.0&#8243; _module_preset=\u00bbd5bb82bb-ca7f-41b5-a941-8d749cf329fe\u00bb header_text_align=\u00bbcenter\u00bb header_font_size=\u00bb5rem\u00bb text_orientation=\u00bbcenter\u00bb custom_margin_tablet=\u00bb||1.5rem||false|false\u00bb custom_margin_phone=\u00bb||1rem||false|false\u00bb custom_margin_last_edited=\u00bbon|phone\u00bb hover_enabled=\u00bb0&#8243; header_font_size_tablet=\u00bb4rem\u00bb header_font_size_phone=\u00bb3rem\u00bb global_colors_info=\u00bb{}\u00bb text_text_color=\u00bb#FFFFFF\u00bb sticky_enabled=\u00bb0&#8243;]<\/p>\n<p>Gracias por su solicitud. Nos pondremos en contacto con usted en breve. <\/p>\n<p>[\/et_pb_text][et_pb_button button_url=\u00bb@ET-DC@eyJkeW5hbWljIjp0cnVlLCJjb250ZW50IjoiaG9tZV91cmwiLCJzZXR0aW5ncyI6eyJlbmFibGVfaHRtbCI6Im9mZiJ9fQ==@\u00bb button_text=\u00bbVolver a la p\u00e1gina de inicio\u00bb button_alignment=\u00bbcenter\u00bb _builder_version=\u00bb4.24.0&#8243; _dynamic_attributes=\u00bbbutton_url\u00bb _module_preset=\u00bb1ea8a6b8-c4e2-4823-80fe-549bd98da130&#8243; hover_enabled=\u00bb0&#8243; global_colors_info=\u00bb{}\u00bb button_text_color=\u00bb#FFFFFF\u00bb button_border_color=\u00bb#FFFFFF\u00bb sticky_enabled=\u00bb0&#8243;][\/et_pb_button][\/et_pb_column][\/et_pb_row][\/et_pb_section]<\/p>\n","protected":false},"excerpt":{"rendered":"<p>GraciasGracias por su solicitud. Nos pondremos en contacto con usted en breve.<\/p>\n","protected":false},"author":1,"featured_media":0,"parent":0,"menu_order":0,"comment_status":"closed","ping_status":"closed","template":"","meta":{"_et_pb_use_builder":"on","_et_pb_old_content":"","_et_gb_content_width":"","inline_featured_image":false,"footnotes":""},"dipi_cpt_category":[],"class_list":["post-3441","page","type-page","status-publish","hentry"],"yoast_head":"<!-- This site is optimized with the Yoast SEO Premium plugin v27.2 (Yoast SEO v27.5) - https:\/\/yoast.com\/product\/yoast-seo-premium-wordpress\/ -->\n<title>Gracias - Formulario de contacto - Preguntas - Ajinomoto Omnichem<\/title>\n<meta name=\"description\" content=\"Gracias por sus preguntas. El equipo de Ajinomoto Omnichem le contactar\u00e1 pronto para ofrecerle respuestas claras, informaci\u00f3n \u00fatil y el apoyo que necesite.\" \/>\n<meta name=\"robots\" content=\"index, follow, max-snippet:-1, max-image-preview:large, max-video-preview:-1\" \/>\n<link rel=\"canonical\" href=\"https:\/\/www.ajinomoto-omnichem.com\/es\/gracias-formulario-de-contacto-preguntas\/\" \/>\n<meta property=\"og:locale\" content=\"es_ES\" \/>\n<meta property=\"og:type\" content=\"article\" \/>\n<meta property=\"og:title\" content=\"Gracias - Formulario de contacto - Preguntas\" \/>\n<meta property=\"og:description\" content=\"Gracias por sus preguntas. El equipo de Ajinomoto Omnichem le contactar\u00e1 pronto para ofrecerle respuestas claras, informaci\u00f3n \u00fatil y el apoyo que necesite.\" \/>\n<meta property=\"og:url\" content=\"https:\/\/www.ajinomoto-omnichem.com\/es\/gracias-formulario-de-contacto-preguntas\/\" \/>\n<meta property=\"og:site_name\" content=\"Ajinomoto Omnichem\" \/>\n<meta property=\"article:modified_time\" content=\"2025-12-23T16:02:25+00:00\" \/>\n<meta name=\"twitter:card\" content=\"summary_large_image\" \/>\n<meta name=\"twitter:label1\" content=\"Est. reading time\" \/>\n\t<meta name=\"twitter:data1\" content=\"1 minuto\" \/>\n<script type=\"application\/ld+json\" class=\"yoast-schema-graph\">{\"@context\":\"https:\\\/\\\/schema.org\",\"@graph\":[{\"@type\":\"WebPage\",\"@id\":\"https:\\\/\\\/www.ajinomoto-omnichem.com\\\/es\\\/gracias-formulario-de-contacto-preguntas\\\/\",\"url\":\"https:\\\/\\\/www.ajinomoto-omnichem.com\\\/es\\\/gracias-formulario-de-contacto-preguntas\\\/\",\"name\":\"Gracias - Formulario de contacto - Preguntas - Ajinomoto Omnichem\",\"isPartOf\":{\"@id\":\"https:\\\/\\\/www.ajinomoto-omnichem.com\\\/es\\\/#website\"},\"datePublished\":\"2024-02-18T08:43:07+00:00\",\"dateModified\":\"2025-12-23T16:02:25+00:00\",\"description\":\"Gracias por sus preguntas. El equipo de Ajinomoto Omnichem le contactar\u00e1 pronto para ofrecerle respuestas claras, informaci\u00f3n \u00fatil y el apoyo que necesite.\",\"breadcrumb\":{\"@id\":\"https:\\\/\\\/www.ajinomoto-omnichem.com\\\/es\\\/gracias-formulario-de-contacto-preguntas\\\/#breadcrumb\"},\"inLanguage\":\"es\",\"potentialAction\":[{\"@type\":\"ReadAction\",\"target\":[\"https:\\\/\\\/www.ajinomoto-omnichem.com\\\/es\\\/gracias-formulario-de-contacto-preguntas\\\/\"]}]},{\"@type\":\"BreadcrumbList\",\"@id\":\"https:\\\/\\\/www.ajinomoto-omnichem.com\\\/es\\\/gracias-formulario-de-contacto-preguntas\\\/#breadcrumb\",\"itemListElement\":[{\"@type\":\"ListItem\",\"position\":1,\"name\":\"Home\",\"item\":\"https:\\\/\\\/www.ajinomoto-omnichem.com\\\/es\\\/\"},{\"@type\":\"ListItem\",\"position\":2,\"name\":\"Gracias &#8211; Formulario de contacto &#8211; Preguntas\"}]},{\"@type\":\"WebSite\",\"@id\":\"https:\\\/\\\/www.ajinomoto-omnichem.com\\\/es\\\/#website\",\"url\":\"https:\\\/\\\/www.ajinomoto-omnichem.com\\\/es\\\/\",\"name\":\"Ajinomoto Omnichem\",\"description\":\"\",\"potentialAction\":[{\"@type\":\"SearchAction\",\"target\":{\"@type\":\"EntryPoint\",\"urlTemplate\":\"https:\\\/\\\/www.ajinomoto-omnichem.com\\\/es\\\/?s={search_term_string}\"},\"query-input\":{\"@type\":\"PropertyValueSpecification\",\"valueRequired\":true,\"valueName\":\"search_term_string\"}}],\"inLanguage\":\"es\"}]}<\/script>\n<!-- \/ Yoast SEO Premium plugin. -->","yoast_head_json":{"title":"Gracias - Formulario de contacto - Preguntas - Ajinomoto Omnichem","description":"Gracias por sus preguntas. El equipo de Ajinomoto Omnichem le contactar\u00e1 pronto para ofrecerle respuestas claras, informaci\u00f3n \u00fatil y el apoyo que necesite.","robots":{"index":"index","follow":"follow","max-snippet":"max-snippet:-1","max-image-preview":"max-image-preview:large","max-video-preview":"max-video-preview:-1"},"canonical":"https:\/\/www.ajinomoto-omnichem.com\/es\/gracias-formulario-de-contacto-preguntas\/","og_locale":"es_ES","og_type":"article","og_title":"Gracias - Formulario de contacto - Preguntas","og_description":"Gracias por sus preguntas. El equipo de Ajinomoto Omnichem le contactar\u00e1 pronto para ofrecerle respuestas claras, informaci\u00f3n \u00fatil y el apoyo que necesite.","og_url":"https:\/\/www.ajinomoto-omnichem.com\/es\/gracias-formulario-de-contacto-preguntas\/","og_site_name":"Ajinomoto Omnichem","article_modified_time":"2025-12-23T16:02:25+00:00","twitter_card":"summary_large_image","twitter_misc":{"Est. reading time":"1 minuto"},"schema":{"@context":"https:\/\/schema.org","@graph":[{"@type":"WebPage","@id":"https:\/\/www.ajinomoto-omnichem.com\/es\/gracias-formulario-de-contacto-preguntas\/","url":"https:\/\/www.ajinomoto-omnichem.com\/es\/gracias-formulario-de-contacto-preguntas\/","name":"Gracias - Formulario de contacto - Preguntas - Ajinomoto Omnichem","isPartOf":{"@id":"https:\/\/www.ajinomoto-omnichem.com\/es\/#website"},"datePublished":"2024-02-18T08:43:07+00:00","dateModified":"2025-12-23T16:02:25+00:00","description":"Gracias por sus preguntas. El equipo de Ajinomoto Omnichem le contactar\u00e1 pronto para ofrecerle respuestas claras, informaci\u00f3n \u00fatil y el apoyo que necesite.","breadcrumb":{"@id":"https:\/\/www.ajinomoto-omnichem.com\/es\/gracias-formulario-de-contacto-preguntas\/#breadcrumb"},"inLanguage":"es","potentialAction":[{"@type":"ReadAction","target":["https:\/\/www.ajinomoto-omnichem.com\/es\/gracias-formulario-de-contacto-preguntas\/"]}]},{"@type":"BreadcrumbList","@id":"https:\/\/www.ajinomoto-omnichem.com\/es\/gracias-formulario-de-contacto-preguntas\/#breadcrumb","itemListElement":[{"@type":"ListItem","position":1,"name":"Home","item":"https:\/\/www.ajinomoto-omnichem.com\/es\/"},{"@type":"ListItem","position":2,"name":"Gracias &#8211; Formulario de contacto &#8211; Preguntas"}]},{"@type":"WebSite","@id":"https:\/\/www.ajinomoto-omnichem.com\/es\/#website","url":"https:\/\/www.ajinomoto-omnichem.com\/es\/","name":"Ajinomoto Omnichem","description":"","potentialAction":[{"@type":"SearchAction","target":{"@type":"EntryPoint","urlTemplate":"https:\/\/www.ajinomoto-omnichem.com\/es\/?s={search_term_string}"},"query-input":{"@type":"PropertyValueSpecification","valueRequired":true,"valueName":"search_term_string"}}],"inLanguage":"es"}]}},"_links":{"self":[{"href":"https:\/\/www.ajinomoto-omnichem.com\/es\/wp-json\/wp\/v2\/pages\/3441","targetHints":{"allow":["GET"]}}],"collection":[{"href":"https:\/\/www.ajinomoto-omnichem.com\/es\/wp-json\/wp\/v2\/pages"}],"about":[{"href":"https:\/\/www.ajinomoto-omnichem.com\/es\/wp-json\/wp\/v2\/types\/page"}],"author":[{"embeddable":true,"href":"https:\/\/www.ajinomoto-omnichem.com\/es\/wp-json\/wp\/v2\/users\/1"}],"replies":[{"embeddable":true,"href":"https:\/\/www.ajinomoto-omnichem.com\/es\/wp-json\/wp\/v2\/comments?post=3441"}],"version-history":[{"count":4,"href":"https:\/\/www.ajinomoto-omnichem.com\/es\/wp-json\/wp\/v2\/pages\/3441\/revisions"}],"predecessor-version":[{"id":4087,"href":"https:\/\/www.ajinomoto-omnichem.com\/es\/wp-json\/wp\/v2\/pages\/3441\/revisions\/4087"}],"wp:attachment":[{"href":"https:\/\/www.ajinomoto-omnichem.com\/es\/wp-json\/wp\/v2\/media?parent=3441"}],"wp:term":[{"taxonomy":"dipi_cpt_category","embeddable":true,"href":"https:\/\/www.ajinomoto-omnichem.com\/es\/wp-json\/wp\/v2\/dipi_cpt_category?post=3441"}],"curies":[{"name":"wp","href":"https:\/\/api.w.org\/{rel}","templated":true}]}}